{"id":189,"date":"2026-03-05T10:05:19","date_gmt":"2026-03-05T09:05:19","guid":{"rendered":"https:\/\/www.pufferfishcontent.com\/?page_id=189"},"modified":"2026-03-19T14:39:11","modified_gmt":"2026-03-19T13:39:11","slug":"__trashed-3","status":"publish","type":"page","link":"https:\/\/www.pufferfishcontent.com\/?page_id=189","title":{"rendered":""},"content":{"rendered":"\n<div class=\"wp-block-group alignfull has-custom-color-1-color has-background-background-color has-text-color has-background has-link-color has-medium-font-size wp-elements-3a3ea8947b4f248f4e6e8a8edf643dff is-layout-flow wp-block-group-is-layout-flow\" style=\"padding-top:0px;padding-right:0;padding-bottom:0px;padding-left:0\">\n<div class=\"wp-block-cover is-light wp-duotone-unset-1\" style=\"border-style:none;border-width:0px;border-top-left-radius:0px;border-top-right-radius:0px;border-bottom-left-radius:0px;border-bottom-right-radius:0px;margin-top:0;margin-bottom:0;padding-top:0;padding-right:0;padding-bottom:0;padding-left:0\"><video class=\"wp-block-cover__video-background intrinsic-ignore\" autoplay muted loop playsinline src=\"https:\/\/www.pufferfishcontent.com\/wp-content\/uploads\/2026\/03\/Trailer_Webbsite.mp4\" style=\"object-position:56% 25%\" data-object-fit=\"cover\" data-object-position=\"56% 25%\"><\/video><span aria-hidden=\"true\" class=\"wp-block-cover__background has-background-dim\" style=\"background-color:#FFF\"><\/span><div class=\"wp-block-cover__inner-container is-layout-constrained wp-container-core-cover-is-layout-165360fd wp-block-cover-is-layout-constrained\">\n<p><\/p>\n\n\n\n<p class=\"has-text-align-left has-background-color has-text-color has-link-color has-source-serif-pro-font-family has-small-font-size wp-elements-b5ba22746a3cca8b423424fe001df209\" style=\"border-style:none;border-width:0px;padding-top:var(--wp--preset--spacing--30);padding-right:var(--wp--preset--spacing--60);padding-bottom:var(--wp--preset--spacing--30);padding-left:var(--wp--preset--spacing--60)\"><strong>Uppdragsgivare<\/strong><br>Svenska Handbollf\u00f6rbundet<br><br><strong>Leverans<\/strong><br>R\u00f6rligt reportage<br>Sociala medier-inl\u00e4gg (karusell)<br>Genrefoton<br>Nyhetsartikel<br><br><strong><br><\/strong><\/p>\n<\/div><\/div>\n\n\n\n<pre class=\"wp-block-preformatted has-text-color has-link-color has-source-serif-pro-font-family has-small-font-size wp-elements-7abaf232754fb1b95d826896d9cfa8d8\" style=\"border-style:none;border-width:0px;color:#194520;margin-right:var(--wp--preset--spacing--60);margin-left:var(--wp--preset--spacing--60);padding-top:var(--wp--preset--spacing--20);padding-right:0;padding-bottom:var(--wp--preset--spacing--20);padding-left:0\">HK Hearts ser inte integration som en potentiell effekt. Det \u00e4r en m\u00e5ls\u00e4ttning. Redan fr\u00e5n starten i Andersberg, tidigare ett av polisens utsatta omr\u00e5den, l\u00e5g v\u00e4rdegrunden klar. I dag lockar f\u00f6reningen barn fr\u00e5n hela Halmstad. Pufferfish Content fick f\u00f6lja med den unge spelaren och ledaren Szabin Ruszin p\u00e5 en tr\u00e4ning.<\/pre>\n\n\n\n<div class=\"wp-block-group alignfull is-layout-constrained wp-block-group-is-layout-constrained\">\n<div class=\"wp-block-columns is-layout-flex wp-container-core-columns-is-layout-d0b3c9c8 wp-block-columns-is-layout-flex\">\n<div class=\"wp-block-column is-layout-flow wp-block-column-is-layout-flow\">\n<p><\/p>\n\n\n\n<p class=\"has-text-align-left has-source-serif-pro-font-family\" style=\"border-top-left-radius:0px;border-top-right-radius:0px;border-bottom-left-radius:0px;border-bottom-right-radius:0px;padding-top:0;padding-right:var(--wp--preset--spacing--60);padding-bottom:0;padding-left:var(--wp--preset--spacing--60)\"><\/p>\n<\/div>\n<\/div>\n\n\n\n<figure class=\"wp-block-image alignfull size-full has-custom-border\" style=\"margin-top:0;margin-right:0;margin-bottom:0;margin-left:0\"><img loading=\"lazy\" decoding=\"async\" width=\"2560\" height=\"1067\" src=\"https:\/\/www.pufferfishcontent.com\/wp-content\/uploads\/2026\/03\/CarouselMaker_ImageSplitter_1-scaled.png\" alt=\"\" class=\"wp-image-268\" style=\"border-style:none;border-width:0px\" srcset=\"https:\/\/www.pufferfishcontent.com\/wp-content\/uploads\/2026\/03\/CarouselMaker_ImageSplitter_1-scaled.png 2560w, https:\/\/www.pufferfishcontent.com\/wp-content\/uploads\/2026\/03\/CarouselMaker_ImageSplitter_1-300x125.png 300w, https:\/\/www.pufferfishcontent.com\/wp-content\/uploads\/2026\/03\/CarouselMaker_ImageSplitter_1-1024x427.png 1024w, https:\/\/www.pufferfishcontent.com\/wp-content\/uploads\/2026\/03\/CarouselMaker_ImageSplitter_1-768x320.png 768w, https:\/\/www.pufferfishcontent.com\/wp-content\/uploads\/2026\/03\/CarouselMaker_ImageSplitter_1-1536x640.png 1536w, https:\/\/www.pufferfishcontent.com\/wp-content\/uploads\/2026\/03\/CarouselMaker_ImageSplitter_1-2048x853.png 2048w\" sizes=\"auto, (max-width: 2560px) 100vw, 2560px\" \/><\/figure>\n\n\n\n<figure class=\"wp-block-image alignfull size-full has-custom-border\" style=\"margin-top:0;margin-right:0;margin-bottom:0;margin-left:0\"><img loading=\"lazy\" decoding=\"async\" width=\"2560\" height=\"1067\" src=\"https:\/\/www.pufferfishcontent.com\/wp-content\/uploads\/2026\/03\/CarouselMaker_ImageSplitter_2-scaled.png\" alt=\"\" class=\"wp-image-269\" style=\"border-style:none;border-width:0px\" srcset=\"https:\/\/www.pufferfishcontent.com\/wp-content\/uploads\/2026\/03\/CarouselMaker_ImageSplitter_2-scaled.png 2560w, https:\/\/www.pufferfishcontent.com\/wp-content\/uploads\/2026\/03\/CarouselMaker_ImageSplitter_2-300x125.png 300w, https:\/\/www.pufferfishcontent.com\/wp-content\/uploads\/2026\/03\/CarouselMaker_ImageSplitter_2-1024x427.png 1024w, https:\/\/www.pufferfishcontent.com\/wp-content\/uploads\/2026\/03\/CarouselMaker_ImageSplitter_2-768x320.png 768w, https:\/\/www.pufferfishcontent.com\/wp-content\/uploads\/2026\/03\/CarouselMaker_ImageSplitter_2-1536x640.png 1536w, https:\/\/www.pufferfishcontent.com\/wp-content\/uploads\/2026\/03\/CarouselMaker_ImageSplitter_2-2048x853.png 2048w\" sizes=\"auto, (max-width: 2560px) 100vw, 2560px\" \/><\/figure>\n\n\n\n<details class=\"wp-block-details alignwide has-border-color has-background-border-color has-text-color has-link-color has-source-serif-pro-font-family has-small-font-size wp-elements-54a5eafcdbb17867c44d2cce5f019913 is-layout-flow wp-container-core-details-is-layout-f5bb311e wp-block-details-is-layout-flow\" style=\"border-width:39px;color:#194520\"><summary>N\u00e4r HK Hearts startade 2018 i Andersberg var handboll inte f\u00f6rstavalet hos m\u00e5nga ungdomar i omr\u00e5det. I dag lockar f\u00f6reningen barn- och unga fr\u00e5n hela Halmstad. (<strong>L\u00e4s hela artikeln<\/strong>)<strong> &nbsp;<\/strong><\/summary>\n<p class=\"has-text-color has-link-color wp-elements-64600ebbc8af56b8a2e030d19e561fa3\" style=\"color:#194520\"><strong>N\u00e4r HK Hearts startade 2018 i Andersberg var handboll inte f\u00f6rstavalet hos m\u00e5nga ungdomar i omr\u00e5det. I dag lockar f\u00f6reningen barn- och unga fr\u00e5n hela Halmstad. &nbsp;<br>\u2013 Vi har f\u00e5tt barn och ungdomar att spela handboll i \u00f6stra Halmstad. Men ocks\u00e5 fr\u00e5n andra stadsdelar. D\u00e5 har man ocks\u00e5 uppn\u00e5tt integrationen, s\u00e4ger Mats Nilsson, ordf\u00f6rande i HK Hearts.<\/strong><\/p>\n\n\n\n<p class=\"has-text-color has-link-color wp-elements-580e93ce4ae6270723ae42b5607b60d9\" style=\"color:#194520\">Politiken lyfter g\u00e4rna de positiva integrationseffekterna n\u00e4r m\u00e4nniskor fr\u00e5n olika bakgrunder samlas i en idrottsf\u00f6rening. Ofta n\u00e4mns idrottsr\u00f6relsen som en motor f\u00f6r integrationen i landet.<br><br>Det som g\u00f6r Halmstadf\u00f6reningen HK Hearts speciell \u00e4r att integrationen inte ses som ett m\u00f6jligt resultat bland andra \u2013 utan en m\u00e5ls\u00e4ttning i sig. Redan vid grundandet 2018 i Andersberg, som vid tidpunkten var utpekat som ett av polisens utsatta omr\u00e5den, l\u00e5g v\u00e4rdegrunden klar. H\u00e4r skulle barn fr\u00e5n hela staden samlas kring handbollen.<\/p>\n\n\n\n<p class=\"has-text-color has-link-color wp-elements-26a91b34b59537d143d7841d7395ef8d\" style=\"color:#194520\">\u2013 N\u00e4r vi startade var vi \u00f6verens om att skapa fler spelare i Halmstad och \u00f6ka integrationen i handbollen. Vi tycker att den kan utvecklas mycket \u00f6verlag, s\u00e4ger Mats Nilsson, ordf\u00f6rande i HK Hearts, och forts\u00e4tter:<\/p>\n\n\n\n<p class=\"has-text-color has-link-color wp-elements-f21cda927e2653bcbcecca1ba990ed88\" style=\"color:#194520\">\u2013 Effekten \u00e4r att vi har f\u00e5tt m\u00e5nga barn och ungdomar att spela handboll i \u00f6stra Halmstad. Men vi har ocks\u00e5 lockat barn fr\u00e5n andra stadsdelar. Det \u00e4r en v\u00e4ldig blandning av var man kommer ifr\u00e5n och d\u00e5 har man uppn\u00e5tt integrationen.<\/p>\n\n\n\n<p class=\"has-text-color has-link-color wp-elements-c38fe585725936e7061206b00931dcb8\" style=\"color:#194520\">Szabin Ruzsin, 13 \u00e5r, \u00e4r spelare och ledare i f\u00f6reningen och bor i \u00f6stra Halmstad.<\/p>\n\n\n\n<p class=\"has-text-color has-link-color wp-elements-03e717351b39c5bc57ed248642b8cc95\" style=\"color:#194520\">\u2013 Det b\u00e4sta med handboll \u00e4r att det \u00e4r roligt, man har m\u00e5nga v\u00e4nner, m\u00e5nga matcher och bra tr\u00e4ningar. Mitt favorit\u00f6gonblick \u00e4r min f\u00f6rsta match. Vi vann och var j\u00e4tteglada. Det inspirerade mig att forts\u00e4tta spela, jag var tv\u00e4rglad, s\u00e4ger han och forts\u00e4tter:<\/p>\n\n\n\n<p class=\"has-text-color has-link-color wp-elements-369a48c6d404f5e4129e6055425c9411\" style=\"color:#194520\">\u2013 Det \u00e4r bra att HK Hearts startade, vi har bara haft tv\u00e5 klubbar i Halmstad innan.<\/p>\n\n\n\n<p>Att f\u00f6reningen arbetar med att locka barn och unga fr\u00e5n hela Halmstad tycker Szabin m\u00e4rks.<\/p>\n\n\n\n<p class=\"has-text-color has-link-color wp-elements-444328e864dfae72440bbd1892e06568\" style=\"color:#194520\">\u2013 I mitt lag kommer spelarna fr\u00e5n olika delar av Halmstad. Det \u00e4r bra, s\u00e4ger han.<\/p>\n\n\n\n<p class=\"has-text-color has-link-color wp-elements-c662299dc93fd2724be6e1f91c526273\" style=\"color:#194520\">Sedan \u00e5rsskiftet \u00e4r Andersberg inte l\u00e4ngre betraktat som ett utsatt omr\u00e5de av polisen. Mats Nilsson tror att f\u00f6reningslivet i omr\u00e5det har gjort skillnad.<\/p>\n\n\n\n<p class=\"has-text-color has-link-color wp-elements-b63777ce75b445d186fc9d4723501d9b\" style=\"color:#194520\">\u2013 Jag tycker att det har varit trevligt i Andersberg \u00e4nda sedan vi startade 2018. Men jag \u00e4r glad och stolt \u00f6ver att vi tillsammans med andra f\u00f6reningar i omr\u00e5det har bidragit till att det inte l\u00e4ngre \u00e4r ett utsatt omr\u00e5de. Man kan bara gl\u00e4djas tillsammans med alla Halmstadbor, s\u00e4ger han.<\/p>\n\n\n\n<p class=\"has-text-color has-link-color wp-elements-6823ec012dffa5811889aaae2f80fd75\" style=\"color:#194520\">I dag \u00e4r HK Hearts en etablerad f\u00f6rening i Halmstad.<\/p>\n\n\n\n<p class=\"has-text-color has-link-color wp-elements-3d488804ed2aab754afded3daa73d288\" style=\"color:#194520\">\u2013 Att vi startade HK Hearts tror jag har betydelse f\u00f6r hela handbollen i Halmstad. Vi har HK Drott och Halmstad Handboll ocks\u00e5. Vi har haft samtal om att vi hj\u00e4lps \u00e5t och samverkar. Jag tror att vi kommer att f\u00e5 fram elitspelare i HK Hearts som spelar i Drotts elitserielag och kanske tar ett SM-guld ocks\u00e5, s\u00e4ger Mats Nilsson och ler.<\/p>\n\n\n\n<p class=\"has-text-color has-link-color wp-elements-5104284974ddaf77daa6be29ae4b6ea4\" style=\"color:#194520\">F\u00f6r Szabin Ruszin \u00e4r m\u00e5ls\u00e4ttningen klar.<\/p>\n\n\n\n<p class=\"has-text-color has-link-color wp-elements-d25ee63ebc304ccceb7889f15fedca9d\" style=\"color:#194520\">\u2013 I framtiden vill jag bli proffs, s\u00e5 vi f\u00e5r k\u00e4mpa!<\/p>\n\n\n\n<p><\/p>\n<\/details>\n\n\n\n<figure class=\"wp-block-gallery has-nested-images columns-default is-cropped wp-block-gallery-2 is-layout-flex wp-block-gallery-is-layout-flex\">\n<figure class=\"wp-block-image size-full is-style-tw-frame tw-block-animation tw-animation-fade-in tw-duration-4\"><img loading=\"lazy\" decoding=\"async\" width=\"1386\" height=\"924\" data-id=\"255\" src=\"https:\/\/www.pufferfishcontent.com\/wp-content\/uploads\/2026\/03\/image.jpeg\" alt=\"\" class=\"wp-image-255\" srcset=\"https:\/\/www.pufferfishcontent.com\/wp-content\/uploads\/2026\/03\/image.jpeg 1386w, https:\/\/www.pufferfishcontent.com\/wp-content\/uploads\/2026\/03\/image-300x200.jpeg 300w, https:\/\/www.pufferfishcontent.com\/wp-content\/uploads\/2026\/03\/image-1024x683.jpeg 1024w, https:\/\/www.pufferfishcontent.com\/wp-content\/uploads\/2026\/03\/image-768x512.jpeg 768w\" sizes=\"auto, (max-width: 1386px) 100vw, 1386px\" \/><\/figure>\n\n\n\n<figure class=\"wp-block-image size-full is-style-tw-frame tw-block-animation tw-animation-fade-in tw-duration-4\"><img loading=\"lazy\" decoding=\"async\" width=\"2560\" height=\"1707\" data-id=\"106\" src=\"https:\/\/www.pufferfishcontent.com\/wp-content\/uploads\/2026\/02\/6B2A0282-scaled.jpg\" alt=\"\" class=\"wp-image-106\" srcset=\"https:\/\/www.pufferfishcontent.com\/wp-content\/uploads\/2026\/02\/6B2A0282-scaled.jpg 2560w, https:\/\/www.pufferfishcontent.com\/wp-content\/uploads\/2026\/02\/6B2A0282-300x200.jpg 300w, https:\/\/www.pufferfishcontent.com\/wp-content\/uploads\/2026\/02\/6B2A0282-1024x683.jpg 1024w, https:\/\/www.pufferfishcontent.com\/wp-content\/uploads\/2026\/02\/6B2A0282-768x512.jpg 768w, https:\/\/www.pufferfishcontent.com\/wp-content\/uploads\/2026\/02\/6B2A0282-1536x1024.jpg 1536w, https:\/\/www.pufferfishcontent.com\/wp-content\/uploads\/2026\/02\/6B2A0282-2048x1365.jpg 2048w\" sizes=\"auto, (max-width: 2560px) 100vw, 2560px\" \/><\/figure>\n<\/figure>\n\n\n\n<figure class=\"wp-block-gallery has-nested-images columns-default is-cropped wp-block-gallery-3 is-layout-flex wp-block-gallery-is-layout-flex\">\n<figure class=\"wp-block-image size-full is-style-tw-frame tw-block-animation tw-animation-fade-in tw-duration-4\"><img loading=\"lazy\" decoding=\"async\" width=\"2560\" height=\"1707\" data-id=\"98\" src=\"https:\/\/www.pufferfishcontent.com\/wp-content\/uploads\/2026\/02\/6B2A0221-scaled.jpg\" alt=\"\" class=\"wp-image-98\" srcset=\"https:\/\/www.pufferfishcontent.com\/wp-content\/uploads\/2026\/02\/6B2A0221-scaled.jpg 2560w, https:\/\/www.pufferfishcontent.com\/wp-content\/uploads\/2026\/02\/6B2A0221-300x200.jpg 300w, https:\/\/www.pufferfishcontent.com\/wp-content\/uploads\/2026\/02\/6B2A0221-1024x683.jpg 1024w, https:\/\/www.pufferfishcontent.com\/wp-content\/uploads\/2026\/02\/6B2A0221-768x512.jpg 768w, https:\/\/www.pufferfishcontent.com\/wp-content\/uploads\/2026\/02\/6B2A0221-1536x1024.jpg 1536w, https:\/\/www.pufferfishcontent.com\/wp-content\/uploads\/2026\/02\/6B2A0221-2048x1365.jpg 2048w\" sizes=\"auto, (max-width: 2560px) 100vw, 2560px\" \/><\/figure>\n\n\n\n<figure class=\"wp-block-image size-full is-style-tw-frame tw-block-animation tw-animation-fade-in tw-duration-4\"><img loading=\"lazy\" decoding=\"async\" width=\"2025\" height=\"2560\" data-id=\"108\" src=\"https:\/\/www.pufferfishcontent.com\/wp-content\/uploads\/2026\/02\/6B2A0328-2-scaled.jpg\" alt=\"\" class=\"wp-image-108\" srcset=\"https:\/\/www.pufferfishcontent.com\/wp-content\/uploads\/2026\/02\/6B2A0328-2-scaled.jpg 2025w, https:\/\/www.pufferfishcontent.com\/wp-content\/uploads\/2026\/02\/6B2A0328-2-237x300.jpg 237w, https:\/\/www.pufferfishcontent.com\/wp-content\/uploads\/2026\/02\/6B2A0328-2-810x1024.jpg 810w, https:\/\/www.pufferfishcontent.com\/wp-content\/uploads\/2026\/02\/6B2A0328-2-768x971.jpg 768w, https:\/\/www.pufferfishcontent.com\/wp-content\/uploads\/2026\/02\/6B2A0328-2-1215x1536.jpg 1215w, https:\/\/www.pufferfishcontent.com\/wp-content\/uploads\/2026\/02\/6B2A0328-2-1620x2048.jpg 1620w\" sizes=\"auto, (max-width: 2025px) 100vw, 2025px\" \/><\/figure>\n<\/figure>\n\n\n\n<figure class=\"wp-block-gallery has-nested-images columns-default is-cropped wp-block-gallery-4 is-layout-flex wp-block-gallery-is-layout-flex\">\n<figure class=\"wp-block-image size-full is-style-tw-frame tw-block-animation tw-animation-fade-in tw-duration-4\"><img loading=\"lazy\" decoding=\"async\" width=\"2560\" height=\"1707\" data-id=\"116\" src=\"https:\/\/www.pufferfishcontent.com\/wp-content\/uploads\/2026\/02\/6B2A0386-scaled.jpg\" alt=\"\" class=\"wp-image-116\" srcset=\"https:\/\/www.pufferfishcontent.com\/wp-content\/uploads\/2026\/02\/6B2A0386-scaled.jpg 2560w, https:\/\/www.pufferfishcontent.com\/wp-content\/uploads\/2026\/02\/6B2A0386-300x200.jpg 300w, https:\/\/www.pufferfishcontent.com\/wp-content\/uploads\/2026\/02\/6B2A0386-1024x683.jpg 1024w, https:\/\/www.pufferfishcontent.com\/wp-content\/uploads\/2026\/02\/6B2A0386-768x512.jpg 768w, https:\/\/www.pufferfishcontent.com\/wp-content\/uploads\/2026\/02\/6B2A0386-1536x1024.jpg 1536w, https:\/\/www.pufferfishcontent.com\/wp-content\/uploads\/2026\/02\/6B2A0386-2048x1365.jpg 2048w\" sizes=\"auto, (max-width: 2560px) 100vw, 2560px\" \/><\/figure>\n\n\n\n<figure class=\"wp-block-image size-full is-style-tw-frame tw-block-animation tw-animation-fade-in tw-duration-4\"><img loading=\"lazy\" decoding=\"async\" width=\"2560\" height=\"1707\" data-id=\"114\" src=\"https:\/\/www.pufferfishcontent.com\/wp-content\/uploads\/2026\/02\/6B2A0364-scaled.jpg\" alt=\"\" class=\"wp-image-114\" srcset=\"https:\/\/www.pufferfishcontent.com\/wp-content\/uploads\/2026\/02\/6B2A0364-scaled.jpg 2560w, https:\/\/www.pufferfishcontent.com\/wp-content\/uploads\/2026\/02\/6B2A0364-300x200.jpg 300w, https:\/\/www.pufferfishcontent.com\/wp-content\/uploads\/2026\/02\/6B2A0364-1024x683.jpg 1024w, https:\/\/www.pufferfishcontent.com\/wp-content\/uploads\/2026\/02\/6B2A0364-768x512.jpg 768w, https:\/\/www.pufferfishcontent.com\/wp-content\/uploads\/2026\/02\/6B2A0364-1536x1024.jpg 1536w, https:\/\/www.pufferfishcontent.com\/wp-content\/uploads\/2026\/02\/6B2A0364-2048x1365.jpg 2048w\" sizes=\"auto, (max-width: 2560px) 100vw, 2560px\" \/><\/figure>\n<\/figure>\n\n\n\n<div class=\"wp-block-group alignfull has-secondary-color has-background-background-color has-text-color has-background has-link-color wp-elements-e716a6def3e00e323ceb8924cd2e68cf is-layout-flow wp-container-core-group-is-layout-80c0cc5d wp-block-group-is-layout-flow\" style=\"margin-top:0;margin-bottom:0;padding-top:var(--wp--custom--spacing--large, 8rem);padding-bottom:var(--wp--custom--spacing--large, 8rem)\">\n<div class=\"wp-block-group alignfull has-border-color has-background-border-color has-foreground-color has-background-background-color has-text-color has-background has-link-color wp-elements-ade147867366504611bcde6cfe26f76b is-layout-constrained wp-container-core-group-is-layout-a03b894c wp-block-group-is-layout-constrained\" style=\"border-width:10px;margin-top:0;margin-bottom:0;padding-top:0rem;padding-right:0;padding-bottom:0rem;padding-left:0\">\n<div class=\"wp-block-columns alignwide is-layout-flex wp-container-core-columns-is-layout-d0b3c9c8 wp-block-columns-is-layout-flex\">\n<div class=\"wp-block-column is-layout-flow wp-block-column-is-layout-flow\" style=\"--col-width:33.33%;flex-basis:33.33%\">\n<p class=\"has-border-color has-background-border-color has-text-color has-link-color has-source-serif-pro-font-family has-small-font-size wp-elements-c5874a0f14ae8446b027fae3201cd16c\" style=\"border-width:43px;color:#194520\">Se det l\u00e4ngre reportaget med intervjuer med Szabin Ruszin och ordf\u00f6randen Mats Nilsson p\u00e5 Youtube.<\/p>\n\n\n\n<ul class=\"wp-block-social-links aligncenter has-small-icon-size has-visible-labels has-icon-background-color is-style-default is-horizontal is-content-justification-center is-layout-flex wp-container-core-social-links-is-layout-98c6a4b1 wp-block-social-links-is-layout-flex\" style=\"border-style:none;border-width:0px;border-top-left-radius:0px;border-top-right-radius:0px;border-bottom-left-radius:0px;border-bottom-right-radius:0px;margin-top:0;margin-right:0;margin-bottom:0;margin-left:0\"><li style=\"background-color:#194520;\" class=\"wp-social-link wp-social-link-youtube  wp-block-social-link\"><a rel=\"noopener nofollow\" target=\"_blank\" href=\"https:\/\/www.youtube.com\/@pufferfishcontent\" class=\"wp-block-social-link-anchor\"><svg width=\"24\" height=\"24\" viewBox=\"0 0 24 24\" version=\"1.1\" xmlns=\"http:\/\/www.w3.org\/2000\/svg\" aria-hidden=\"true\" focusable=\"false\"><path d=\"M21.8,8.001c0,0-0.195-1.378-0.795-1.985c-0.76-0.797-1.613-0.801-2.004-0.847c-2.799-0.202-6.997-0.202-6.997-0.202 h-0.009c0,0-4.198,0-6.997,0.202C4.608,5.216,3.756,5.22,2.995,6.016C2.395,6.623,2.2,8.001,2.2,8.001S2,9.62,2,11.238v1.517 c0,1.618,0.2,3.237,0.2,3.237s0.195,1.378,0.795,1.985c0.761,0.797,1.76,0.771,2.205,0.855c1.6,0.153,6.8,0.201,6.8,0.201 s4.203-0.006,7.001-0.209c0.391-0.047,1.243-0.051,2.004-0.847c0.6-0.607,0.795-1.985,0.795-1.985s0.2-1.618,0.2-3.237v-1.517 C22,9.62,21.8,8.001,21.8,8.001z M9.935,14.594l-0.001-5.62l5.404,2.82L9.935,14.594z\"><\/path><\/svg><span class=\"wp-block-social-link-label\">@pufferfishcontent<\/span><\/a><\/li><\/ul>\n<\/div>\n\n\n\n<div class=\"wp-block-column is-layout-flow wp-block-column-is-layout-flow\" style=\"--col-width:66.66%;flex-basis:66.66%\">\n<figure style=\"padding-top:var(--wp--preset--spacing--50);padding-bottom:var(--wp--preset--spacing--50)\" class=\"wp-block-video\"><video height=\"2700\" style=\"aspect-ratio: 2160 \/ 2700;\" width=\"2160\" controls src=\"https:\/\/www.pufferfishcontent.com\/wp-content\/uploads\/2026\/03\/Trailer_Webbsite.mp4\"><\/video><\/figure>\n<\/div>\n<\/div>\n<\/div>\n<\/div>\n\n\n<\/div>\n<\/div>\n\n\n\n<ul class=\"wp-block-social-links is-layout-flex wp-block-social-links-is-layout-flex\"><\/ul>\n\n\n\n<p><\/p>\n\n\n","protected":false},"excerpt":{"rendered":"<p>HK Hearts ser inte integration som en potentiell effekt. Det \u00e4r en m\u00e5ls\u00e4ttning. Redan fr\u00e5n starten i Andersberg, tidigare ett av polisens utsatta omr\u00e5den, l\u00e5g v\u00e4rdegrunden klar. I dag lockar f\u00f6reningen barn fr\u00e5n hela Halmstad. Pufferfish Content fick f\u00f6lja med den unge spelaren och ledaren Szabin Ruszin p\u00e5 en tr\u00e4ning. Se det l\u00e4ngre reportaget med [&hellip;]<\/p>\n","protected":false},"author":1,"featured_media":0,"parent":0,"menu_order":0,"comment_status":"closed","ping_status":"closed","template":"","meta":{"footnotes":"[]"},"class_list":["post-189","page","type-page","status-publish","hentry"],"_links":{"self":[{"href":"https:\/\/www.pufferfishcontent.com\/index.php?rest_route=\/wp\/v2\/pages\/189","targetHints":{"allow":["GET"]}}],"collection":[{"href":"https:\/\/www.pufferfishcontent.com\/index.php?rest_route=\/wp\/v2\/pages"}],"about":[{"href":"https:\/\/www.pufferfishcontent.com\/index.php?rest_route=\/wp\/v2\/types\/page"}],"author":[{"embeddable":true,"href":"https:\/\/www.pufferfishcontent.com\/index.php?rest_route=\/wp\/v2\/users\/1"}],"replies":[{"embeddable":true,"href":"https:\/\/www.pufferfishcontent.com\/index.php?rest_route=%2Fwp%2Fv2%2Fcomments&post=189"}],"version-history":[{"count":128,"href":"https:\/\/www.pufferfishcontent.com\/index.php?rest_route=\/wp\/v2\/pages\/189\/revisions"}],"predecessor-version":[{"id":654,"href":"https:\/\/www.pufferfishcontent.com\/index.php?rest_route=\/wp\/v2\/pages\/189\/revisions\/654"}],"wp:attachment":[{"href":"https:\/\/www.pufferfishcontent.com\/index.php?rest_route=%2Fwp%2Fv2%2Fmedia&parent=189"}],"curies":[{"name":"wp","href":"https:\/\/api.w.org\/{rel}","templated":true}]}}